{"id":517,"date":"2021-02-02T16:42:04","date_gmt":"2021-02-02T15:42:04","guid":{"rendered":"https:\/\/www.vbt.eu\/privacybeleid\/"},"modified":"2022-02-18T12:14:39","modified_gmt":"2022-02-18T11:14:39","slug":"politique-de-confidentialite","status":"publish","type":"page","link":"https:\/\/www.vbt.eu\/fr\/politique-de-confidentialite\/","title":{"rendered":"Politique de confidentialit\u00e9"},"content":{"rendered":"<p>[et_pb_section fb_built=\u00a0\u00bb1&Prime; fullwidth=\u00a0\u00bbon\u00a0\u00bb _builder_version=\u00a0\u00bb4.8.2&Prime; _module_preset=\u00a0\u00bbdefault\u00a0\u00bb background_image=\u00a0\u00bbhttps:\/\/www.vbt.eu\/wp-content\/uploads\/2021\/02\/vbt-header-inside-006.jpg\u00a0\u00bb animation_style=\u00a0\u00bbslide\u00a0\u00bb animation_direction=\u00a0\u00bbtop\u00a0\u00bb animation_intensity_slide=\u00a0\u00bb2%\u00a0\u00bb animation_starting_opacity=\u00a0\u00bb100%\u00a0\u00bb global_colors_info=\u00a0\u00bb{}\u00a0\u00bb][et_pb_fullwidth_header title=\u00a0\u00bbPolitique de confidentialit\u00e9\u00a0\u00bb module_class=\u00a0\u00bbheader-inside-pages\u00a0\u00bb _builder_version=\u00a0\u00bb4.14.7&Prime; _module_preset=\u00a0\u00bbdefault\u00a0\u00bb background_enable_color=\u00a0\u00bboff\u00a0\u00bb use_background_color_gradient=\u00a0\u00bbon\u00a0\u00bb background_color_gradient_start=\u00a0\u00bbrgba(0,0,0,0.5)\u00a0\u00bb background_color_gradient_end=\u00a0\u00bbrgba(0,0,0,0)\u00a0\u00bb background_color_gradient_direction=\u00a0\u00bb90deg\u00a0\u00bb background_color_gradient_overlays_image=\u00a0\u00bbon\u00a0\u00bb custom_padding=\u00a0\u00bb||||false|false\u00a0\u00bb global_colors_info=\u00a0\u00bb{}\u00a0\u00bb][\/et_pb_fullwidth_header][\/et_pb_section][et_pb_section fb_built=\u00a0\u00bb1&Prime; admin_label=\u00a0\u00bbMarket Information Section\u00a0\u00bb _builder_version=\u00a0\u00bb3.22&Prime; custom_padding=\u00a0\u00bb70px||70px|\u00a0\u00bb global_colors_info=\u00a0\u00bb{}\u00a0\u00bb][et_pb_row _builder_version=\u00a0\u00bb4.8.2&Prime; _module_preset=\u00a0\u00bbdefault\u00a0\u00bb global_colors_info=\u00a0\u00bb{}\u00a0\u00bb][et_pb_column type=\u00a0\u00bb4_4&Prime; _builder_version=\u00a0\u00bb4.8.2&Prime; _module_preset=\u00a0\u00bbdefault\u00a0\u00bb global_colors_info=\u00a0\u00bb{}\u00a0\u00bb][et_pb_text _builder_version=\u00a0\u00bb4.14.7&Prime; _module_preset=\u00a0\u00bbdefault\u00a0\u00bb header_2_text_color=\u00a0\u00bb#4A8916&Prime; hover_enabled=\u00a0\u00bb0&Prime; global_colors_info=\u00a0\u00bb{}\u00a0\u00bb sticky_enabled=\u00a0\u00bb0&Prime;]<\/p>\n<h1>Politique de confidentialit\u00e9 des donn\u00e9es<\/h1>\n<h3>1\/ Responsable de traitement<\/h3>\n<p>Cette politique de confidentialit\u00e9 des donn\u00e9es vous fournit des informations d\u00e9taill\u00e9es concernant la protection des donn\u00e9es \u00e0 caract\u00e8re personnel par:<\/p>\n<p>Het Verbond van Belgische Tuinbouwco\u00f6peraties<br \/>Tiensevest 136<br \/>B-3000 Leuven<br \/>Belgique<\/p>\n<p>Le but de cette politique de confidentialit\u00e9 est de vous informer des donn\u00e9es \u00e0 caract\u00e8re personnel (ci-apr\u00e8s appel\u00e9es \u00ab donn\u00e9es personnelles \u00bb) que nous utilisons, des raisons pour lesquelles nous les utilisons et partageons, de la dur\u00e9e de leur conservation et des modalit\u00e9s d\u2019exercice de vos droits relatifs \u00e0 ces donn\u00e9es.<br \/>Des informations compl\u00e9mentaires vous seront communiqu\u00e9es si n\u00e9cessaire lorsque vous souscrivez un produit ou un service en particulier.<\/p>\n<h3>2\/ A qui s\u2019adresse notre politique de protection des donn\u00e9es ?<\/h3>\n<p>Cette politique s\u2019adresse aux utilisateurs de nos sites web, \u00e0 nos clients, anciens clients et aux personnes que nous prospectons et qui marquent un int\u00e9r\u00eat pour nos services et produits.<\/p>\n<h3>3\/ Quelles sont les cat\u00e9gories de donn\u00e9es que nous pouvons traiter ?<\/h3>\n<p>Nous recueillons et utilisons uniquement les donn\u00e9es personnelles qui sont n\u00e9cessaires dans le cadre de nos activit\u00e9s et qui nous permettent de vous proposer des produits et services personnalis\u00e9s de qualit\u00e9.<br \/>Nous recueillons aupr\u00e8s de vous diff\u00e9rentes cat\u00e9gories de donn\u00e9es personnelles, notamment des :<\/p>\n<ul>\n<li>Donn\u00e9es d\u2019identification (par exemple ; nom, pr\u00e9nom) ;<\/li>\n<li>Donn\u00e9es de contact (par exemple adresses postale et \u00e9lectroniques, num\u00e9ros de t\u00e9l\u00e9phone);<\/li>\n<li>Donn\u00e9es fiscales (par exemple num\u00e9ro de TVA, pays de r\u00e9f\u00e9rence) ;<\/li>\n<li>Donn\u00e9es bancaires, financi\u00e8res et transactionnelles (par exemple vos coordonn\u00e9es bancaires, votre historique d\u2019achats et paiements) ;<\/li>\n<li>Donn\u00e9es relatives \u00e0 vos habitudes et pr\u00e9f\u00e9rences :\n<ul>\n<li>Donn\u00e9es li\u00e9es \u00e0 l\u2019utilisation de nos produits et services (par exemple : langue d\u2019utilisation, messages personnalis\u00e9s, centre d\u2019nt\u00e9r\u00eats).<\/li>\n<li>Nous pouvons enregistrer certaines informations sur base de cookies que nous pla\u00e7ons. Pour plus d\u2019information nous nous r\u00e9f\u00e9rons \u00e0 notre d\u00e9claration quant \u00e0 l\u2019utilisation des cookies.<\/li>\n<\/ul>\n<\/li>\n<\/ul>\n<h3>4\/ Dans quel but utilisons-nous vos donn\u00e9es et quelle est la base l\u00e9gale de ce traitement ?<\/h3>\n<p>Nous utilisons vos donn\u00e9es personnelles :<\/p>\n<ul>\n<li>Avec votre autorisation (base l\u00e9gale : article 6a de la regulation 2016\/679 (GDPR))\n<ul>\n<li>Lorsque vous nous posez des questions via les proc\u00e9dures de contact et de support mises en place.<\/li>\n<li>Pour l\u2019envoi des newsletters auxquelles vous \u00eates inscrits.<\/li>\n<\/ul>\n<\/li>\n<li>Dans le cadre de l\u2019ex\u00e9cution de contrat (base l\u00e9gale : article 6b de la regulation 2016\/679 (GDPR)):\n<ul>\n<li>Pour le suivi et le traitement de vos commandes et inscriptions.<\/li>\n<li>Pour vous fournir des informations relatives \u00e0 nos produits et services.<\/li>\n<li>Pour le suivi et le traitement des plaintes et des retours.<\/li>\n<li>Pour la gestion g\u00e9n\u00e9rale de la client\u00e8le y compris la comptabilit\u00e9, la gestion des litiges et proc\u00e9dures judiciaires, la r\u00e9cup\u00e9ration ou le transfert de cr\u00e9ances et la protection de nos droits en g\u00e9n\u00e9ral.<\/li>\n<\/ul>\n<\/li>\n<li>Lorsque nous avons un int\u00e9r\u00eat l\u00e9gitime, dans le cadre de nos activit\u00e9s de marketing. Dans ce cas, nous veillons toujours \u00e0 respecter un \u00e9quilibre avec le respect de votre vie priv\u00e9e (base l\u00e9gale article 6f de la regulation 2016\/679 (GDPR)):\n<ul>\n<li>Afin de vous informer de nos produits et services, \u00e9ventuellement sur base de votre profil marketing.<\/li>\n<li>Afin de pr\u00e9venir et de combattre les \u00e9ventuelles fraudes et abus.<\/li>\n<\/ul>\n<\/li>\n<li>Afin de satisfaire aux obligations l\u00e9gales auxquelles nous sommes soumis (base l\u00e9gale : article 6c de la regulation 2016\/679 (GDPR)) :<\/li>\n<\/ul>\n<h3>5\/ Vos donn\u00e9es personnelles peuvent-elles \u00eatre transf\u00e9r\u00e9es \u00e0 des tiers ?<\/h3>\n<p>Vos donn\u00e9es personnelles peuvent \u00eatre communiqu\u00e9es \u00e0 nos sous-traitants dans le cadre de prestations pour notre compte (exemple : call centers externes, agence de publicit\u00e9, prestataires informatiques, IT, clouds &#8230; ) et uniquement sur base de nos instructions.<\/p>\n<h3>6\/ Transfert de donn\u00e9es en dehors de l\u2019Espace Economique Europ\u00e9en \u00ab EEE \u00bb<\/h3>\n<p>Vos donn\u00e9es personnelles ne sont pas transmises en dehors de l&rsquo;Union Europ\u00e9enne.<\/p>\n<h3>7\/ Combien de temps conservons-nous vos donn\u00e9es personnelles ?<\/h3>\n<p>Nous conservons vos donn\u00e9es personnelles pour la plus longue des dur\u00e9es n\u00e9cessaires au respect des dispositions l\u00e9gales et r\u00e9glementaires applicables.<br \/>D\u2019autres dur\u00e9es peuvent \u00eatre appliqu\u00e9es :<\/p>\n<ul>\n<li>Soit pour ob\u00e9ir \u00e0 des contraintes op\u00e9rationnelles telles qu\u2019une bonne tenue de compte, ou un management efficace de la relation clients ;<\/li>\n<li>Soit pour r\u00e9pondre aux demandes en justice ou du r\u00e9gulateur.<\/li>\n<\/ul>\n<p>S\u2019agissant des clients, la majorit\u00e9 des informations sont conserv\u00e9es pendant la dur\u00e9e de la relation contractuelle et pour une dur\u00e9e maximum de 10 ans apr\u00e8s la fin de la relation contractuelle.<br \/>S\u2019agissant des prospects inactifs, les informations sont conserv\u00e9es pour une dur\u00e9e maximum de 3 ans.<\/p>\n<h3>8\/ Comment prot\u00e9geons-nous vos donn\u00e9es personnelles ?<\/h3>\n<p>Vos donn\u00e9es personnelles sont trait\u00e9es de fa\u00e7on confidentielles. Nous mettons tout en \u0153uvre pour prendre les mesures techniques et organisationnelles n\u00e9cessaires pour assurer la s\u00e9curit\u00e9 de celles\u00ad-ci.<\/p>\n<h3>9\/ Quels sont vos droits ? Comment pouvez-vous les exercer ?<\/h3>\n<p>Conform\u00e9ment \u00e0 la r\u00e9glementation applicable, vous disposez de diff\u00e9rents droits, \u00e0 savoir :<\/p>\n<ul>\n<li>Droit d\u2019acc\u00e8s : vous pouvez obtenir des informations concernant le traitement de vos donn\u00e9es personnelles ainsi qu\u2019une copie de ces donn\u00e9es personnelles.<\/li>\n<li>Droit de rectification : si vous estimez que vos donn\u00e9es personnelles sont inexactes ou incompl\u00e8tes, vous pouvez exiger que ces donn\u00e9es personnelles soient modifi\u00e9es en cons\u00e9quence.<\/li>\n<li>Droit \u00e0 l\u2019effacement : vous pouvez exiger l\u2019effacement de vos donn\u00e9es personnelles.<\/li>\n<li>Droit \u00e0 la limitation du traitement : vous pouvez demander la limitation du traitement de vos donn\u00e9es personnelles.<\/li>\n<li>Droit d\u2019opposition : vous pouvez vous opposer au traitement de vos donn\u00e9es personnelles, pour des motifs li\u00e9s \u00e0 votre situation particuli\u00e8re. Vous disposez du droit absolu de vous opposer au traitement de vos donn\u00e9es personnelles \u00e0 des fins de marketing direct, y compris le profilage li\u00e9 au marketing direct.<\/li>\n<li>Droit de retirer votre consentement : si vous avez donn\u00e9 votre consentement au traitement de vos donn\u00e9es personnelles, vous avez le droit de retirer ce consentement \u00e0 tout moment.<\/li>\n<li>Droit \u00e0 la portabilit\u00e9 de vos donn\u00e9es : quand ce droit est applicable, vous avez le droit que les donn\u00e9es personnelles que vous nous avez fournies vous soient rendues ou, lorsque cela est possible techniquement, de les transf\u00e9rer \u00e0 un tiers.<\/li>\n<\/ul>\n<p>Vous pouvez exercer les droits list\u00e9s ci-dessus en nous contactant par email \u00e0 <a href=\"mailto:info@vbt.eu\">info@vbt.eu<\/a> ou en nous envoyant une lettre \u00e0<\/p>\n<p>Het Verbond van Belgische Tuinbouwco\u00f6peraties<br \/>Tiensevest 136<br \/>B-3000 Leuven<br \/>Belgique<\/p>\n<p>Conform\u00e9ment \u00e0 la r\u00e9glementation applicable, vous \u00eates en droit d\u2019introduire une r\u00e9clamation aupr\u00e8s de l\u2019autorit\u00e9 de contr\u00f4le comp\u00e9tente.<\/p>\n<h3>10\/ De quelle mani\u00e8re pouvez-vous prendre connaissance des modifications apport\u00e9es \u00e0 cette politique de confidentialit\u00e9 des donn\u00e9es ?<\/h3>\n<p>Nous actualiserons r\u00e9guli\u00e8rement cette politique de confidentialit\u00e9 et vous invitons \u00e0 la consulter r\u00e9guli\u00e8rement.<\/p>\n<h3>11\/ Comment nous contacter ?<\/h3>\n<p>Si vous avez des questions concernant l\u2019utilisation de vos donn\u00e9es personnelles vis\u00e9e par cette politique de confidentialit\u00e9, vous pouvez contacter notre responsable vie priv\u00e9e par courrier adress\u00e9 \u00e0 :<\/p>\n<p>Het Verbond van Belgische Tuinbouwco\u00f6peraties<br \/>Tiensevest 136<br \/>B-3000 Leuven<br \/>Belgique<\/p>\n<p>Ou par email : <a href=\"info@vbt.eu\">info@vbt.eu<\/a><\/p>\n<p>Derni\u00e8re mise \u00e0 jour : 18\/02\/2022<\/p>\n<p>[\/et_pb_text][\/et_pb_column][\/et_pb_row][\/et_pb_section]<\/p>\n","protected":false},"excerpt":{"rendered":"<p>Politique de confidentialit\u00e9 des donn\u00e9es 1\/ Responsable de traitement Cette politique de confidentialit\u00e9 des donn\u00e9es vous fournit des informations d\u00e9taill\u00e9es concernant la protection des donn\u00e9es \u00e0 caract\u00e8re personnel par: Het Verbond van Belgische Tuinbouwco\u00f6peratiesTiensevest 136B-3000 LeuvenBelgique Le but de cette politique de confidentialit\u00e9 est de vous informer des donn\u00e9es \u00e0 caract\u00e8re personnel (ci-apr\u00e8s appel\u00e9es \u00ab [&hellip;]<\/p>\n","protected":false},"author":1,"featured_media":0,"parent":0,"menu_order":0,"comment_status":"closed","ping_status":"closed","template":"","meta":{"_et_pb_use_builder":"on","_et_pb_old_content":"","_et_gb_content_width":"","footnotes":""},"class_list":["post-517","page","type-page","status-publish","hentry"],"_links":{"self":[{"href":"https:\/\/www.vbt.eu\/fr\/wp-json\/wp\/v2\/pages\/517","targetHints":{"allow":["GET"]}}],"collection":[{"href":"https:\/\/www.vbt.eu\/fr\/wp-json\/wp\/v2\/pages"}],"about":[{"href":"https:\/\/www.vbt.eu\/fr\/wp-json\/wp\/v2\/types\/page"}],"author":[{"embeddable":true,"href":"https:\/\/www.vbt.eu\/fr\/wp-json\/wp\/v2\/users\/1"}],"replies":[{"embeddable":true,"href":"https:\/\/www.vbt.eu\/fr\/wp-json\/wp\/v2\/comments?post=517"}],"version-history":[{"count":4,"href":"https:\/\/www.vbt.eu\/fr\/wp-json\/wp\/v2\/pages\/517\/revisions"}],"predecessor-version":[{"id":638,"href":"https:\/\/www.vbt.eu\/fr\/wp-json\/wp\/v2\/pages\/517\/revisions\/638"}],"wp:attachment":[{"href":"https:\/\/www.vbt.eu\/fr\/wp-json\/wp\/v2\/media?parent=517"}],"curies":[{"name":"wp","href":"https:\/\/api.w.org\/{rel}","templated":true}]}}